{"id":4177,"date":"2024-09-06T08:39:09","date_gmt":"2024-09-06T08:39:09","guid":{"rendered":"https:\/\/ericvernhes.com\/?page_id=4177"},"modified":"2024-12-03T17:27:50","modified_gmt":"2024-12-03T17:27:50","slug":"expo2","status":"publish","type":"page","link":"https:\/\/ericvernhes.com\/en\/expo2\/","title":{"rendered":"EXHIBITIONS"},"content":{"rendered":"<p>[et_pb_section fb_built=\u00a0\u00bb1&Prime; admin_label=\u00a0\u00bbsection\u00a0\u00bb _builder_version=\u00a0\u00bb4.16&Prime; custom_padding=\u00a0\u00bb74px|||||\u00a0\u00bb transparent_background=\u00a0\u00bboff\u00a0\u00bb make_fullwidth=\u00a0\u00bboff\u00a0\u00bb use_custom_width=\u00a0\u00bboff\u00a0\u00bb width_unit=\u00a0\u00bboff\u00a0\u00bb custom_width_px=\u00a0\u00bb1080px\u00a0\u00bb custom_width_percent=\u00a0\u00bb80%\u00a0\u00bb global_colors_info=\u00a0\u00bb{}\u00a0\u00bb][et_pb_row _builder_version=\u00a0\u00bb4.27.0&Prime; _module_preset=\u00a0\u00bbdefault\u00a0\u00bb custom_padding=\u00a0\u00bb16px||3px|||\u00a0\u00bb global_colors_info=\u00a0\u00bb{}\u00a0\u00bb][et_pb_column type=\u00a0\u00bb4_4&Prime; _builder_version=\u00a0\u00bb4.27.0&Prime; _module_preset=\u00a0\u00bbdefault\u00a0\u00bb global_colors_info=\u00a0\u00bb{}\u00a0\u00bb][et_pb_text _builder_version=\u00a0\u00bb4.27.0&Prime; _module_preset=\u00a0\u00bbdefault\u00a0\u00bb global_colors_info=\u00a0\u00bb{}\u00a0\u00bb]<\/p>\n<h2>EXPOSITIONS &#8211; Selection<\/h2>\n<p>[\/et_pb_text][\/et_pb_column][\/et_pb_row][\/et_pb_section][et_pb_section fb_built=\u00a0\u00bb1&Prime; specialty=\u00a0\u00bbon\u00a0\u00bb _builder_version=\u00a0\u00bb4.27.0&Prime; _module_preset=\u00a0\u00bbdefault\u00a0\u00bb global_colors_info=\u00a0\u00bb{}\u00a0\u00bb][et_pb_column type=\u00a0\u00bb2_3&Prime; specialty_columns=\u00a0\u00bb2&Prime; _builder_version=\u00a0\u00bb4.16&Prime; custom_padding=\u00a0\u00bb|||\u00a0\u00bb global_colors_info=\u00a0\u00bb{}\u00a0\u00bb custom_padding__hover=\u00a0\u00bb|||\u00a0\u00bb][et_pb_row_inner _builder_version=\u00a0\u00bb4.27.0&Prime; _module_preset=\u00a0\u00bbdefault\u00a0\u00bb custom_margin=\u00a0\u00bb|28px||||\u00a0\u00bb custom_padding=\u00a0\u00bb24px||3px|||\u00a0\u00bb global_colors_info=\u00a0\u00bb{}\u00a0\u00bb][et_pb_column_inner saved_specialty_column_type=\u00a0\u00bb2_3&Prime; _builder_version=\u00a0\u00bb4.27.0&Prime; _module_preset=\u00a0\u00bbdefault\u00a0\u00bb global_colors_info=\u00a0\u00bb{}\u00a0\u00bb][et_pb_text _builder_version=\u00a0\u00bb4.27.0&Prime; _module_preset=\u00a0\u00bbdefault\u00a0\u00bb hover_enabled=\u00a0\u00bb0&Prime; global_colors_info=\u00a0\u00bb{}\u00a0\u00bb sticky_enabled=\u00a0\u00bb0&Prime;]<\/p>\n<table border=\"0\" style=\"width: 100%; border-collapse: collapse; border-style: none;\">\n<tbody>\n<tr>\n<td style=\"width: 9.67638%; vertical-align: top;\">\n<h4>2024<\/h4>\n<\/td>\n<td style=\"width: 50.3236%;\">\n<p style=\"text-align: left;\"><span style=\"text-decoration: underline;\"><span style=\"font-size: 13px;\"><b>My1st<\/b><\/span><\/span><span style=\"font-size: 13px;\"><b> &#8211; Exposition collective &#8211; Galerie Charlot, Paris, Decembre 2024<\/b><\/span><span style=\"text-decoration: underline;\"><span style=\"font-size: 13px;\"><b><br \/>CYFEST 16 international media art festival<\/b><\/span><\/span><span style=\"font-size: 13px;\"><b> &#8211; Yerevan, Arm\u00e9nie &#8211; Novembre 2024<\/b><\/span><span style=\"text-decoration: underline;\"><span style=\"font-size: 13px;\"><b><br \/>Biennale PLEIADES<\/b><\/span><\/span><span style=\"font-size: 13px;\"><b>\u00a0&#8211; Saint-Etienne &#8211; <\/b><\/span><span style=\"font-size: 13px;\"><b>Exposition collective -Octobre 2024<\/b><\/span><span style=\"text-decoration: underline;\"><span style=\"font-size: 13px;\"><b><br \/><\/b><\/span><span style=\"font-size: 13px;\"><b>BIAN <\/b><\/span><\/span><span style=\"font-size: 13px;\"><span style=\"text-decoration: underline;\">&#8211; Biennale internationale d\u2019art num\u00e9rique de Montr\u00e9al<\/span> &#8211; Exposition collective &#8211; Mai-Juillet 2024<br \/><\/span><b style=\"font-size: 13px;\"><span><span style=\"text-decoration: underline;\">\u00abSAFE\u00bb<\/span> <\/span><\/b><span style=\"font-size: 13px;\">&#8211; Performance &#8211; CESARE Reims &#8211; Mai 2024<br \/><\/span><span style=\"text-decoration: underline;\"><b style=\"font-family: inherit; font-size: inherit;\">\u00abProjections &#8211; Architectures olympiques\u00bb <\/b><\/span><span style=\"font-family: inherit; font-size: inherit;\">&#8211; exposition collective &#8211; Galerie Charlot &#8211; Mai 2024<br \/><\/span><b><span style=\"text-decoration: underline;\">Videoformes 2024 <\/span><\/b>&#8211; exposition collective &#8211; Mars 2024<\/p>\n<\/td>\n<\/tr>\n<\/tbody>\n<\/table>\n<p>[\/et_pb_text][et_pb_text _builder_version=\u00a0\u00bb4.27.0&Prime; _module_preset=\u00a0\u00bbdefault\u00a0\u00bb global_colors_info=\u00a0\u00bb{}\u00a0\u00bb]<\/p>\n<table border=\"0\" style=\"width: 100%; border-collapse: collapse; border-style: none;\">\n<tbody>\n<tr>\n<td style=\"width: 9.67638%; vertical-align: top;\">\n<h4><span style=\"text-decoration: underline;\">2023<\/span><\/h4>\n<\/td>\n<td style=\"width: 50.3236%;\">\n<div><b><span style=\"text-decoration: underline;\">\u00ab\u00a0Psych.e\u00a0\u00bb<\/span><span>\u00a0<\/span><\/b>&#8211; exposition collective &#8211; 36 degr\u00e9s &#8211; Paris &#8211; juin 2023<\/div>\n<div><span style=\"text-decoration: underline;\"><b>\u00ab\u00a0Source code\u00a0\u00bb<\/b><\/span><span>\u00a0<\/span>&#8211; exposition collective &#8211; Metahaus &#8211; Paris &#8211; avril 2023<\/div>\n<div><b><span style=\"text-decoration: underline;\">\u00ab\u00a0Le sens de la marche\u00a0\u00bb<\/span><span>\u00a0<\/span><\/b>&#8211; exposition solo &#8211; festival D.A.M.E &#8211; Chamb\u00e9ry f\u00e9vrier\/mars 2023<\/div>\n<div><b><span style=\"text-decoration: underline;\">\u00ab\u00a0Figures\u00a0\u00bb<\/span><span>\u00a0<\/span><\/b>&#8211; exposition solo &#8211; Espace Caussimon &#8211; Tremblay en France &#8211; janvier\/f\u00e9vrier 2023<\/div>\n<\/td>\n<\/tr>\n<\/tbody>\n<\/table>\n<p>[\/et_pb_text][et_pb_text _builder_version=\u00a0\u00bb4.27.0&Prime; _module_preset=\u00a0\u00bbdefault\u00a0\u00bb global_colors_info=\u00a0\u00bb{}\u00a0\u00bb]<\/p>\n<table border=\"0\" style=\"width: 100%; border-collapse: collapse; border-style: none;\">\n<tbody>\n<tr>\n<td style=\"width: 9.67638%; vertical-align: top;\">\n<h4>2022<\/h4>\n<\/td>\n<td style=\"width: 50.3236%;\">\n<div><b><span style=\"text-decoration: underline;\">\u00ab\u00a0Digital waves\u00a0\u00bb<\/span><span>\u00a0<\/span><\/b>\u2013 exposition collective \u2013 Galerie Charlot, Paris, Septembre octobre 2022<\/div>\n<div><b><span style=\"text-decoration: underline;\">\u00ab\u00a0ISElA 2022, Barcelone\u00a0\u00bb<\/span><span>\u00a0<\/span><\/b>&#8211; Exposition collective &#8211; BEEP colleccion: Origin &#8211; 26 mai\/23 juillet 2022<\/div>\n<div><b>\u00ab\u00a0<span style=\"text-decoration: underline;\">Art Me\u00a0\u00bb<\/span><span>\u00a0<\/span><\/b>&#8211; Exposition collective &#8211; Galerie Charlot &#8211; Avril-juillet 2022<\/div>\n<div><b><span style=\"text-decoration: underline;\">\u00ab\u00a0Au del\u00e0 des pixels\u00a0\u00bb<\/span> &#8211;<span>\u00a0<\/span><\/b>Exposition collective &#8211; 36\u00b0- Mars 2022<\/div>\n<\/td>\n<\/tr>\n<\/tbody>\n<\/table>\n<p>[\/et_pb_text][et_pb_text _builder_version=\u00a0\u00bb4.27.0&Prime; _module_preset=\u00a0\u00bbdefault\u00a0\u00bb global_colors_info=\u00a0\u00bb{}\u00a0\u00bb]<\/p>\n<table border=\"0\" style=\"width: 100%; border-collapse: collapse; border-style: none;\">\n<tbody>\n<tr>\n<td style=\"width: 9.67638%; vertical-align: top;\">\n<h4>2021<\/h4>\n<\/td>\n<td style=\"width: 50.3236%;\">\n<div><span style=\"text-decoration: underline;\"><b>\u00ab\u00a0Code is law\u00a0\u00bb<\/b>\u00a0<\/span>\u2013 Exposition collective &#8211; Centre Wallonie Bruxelles, Paris \u2013 F\u00e9vrier\/mars 2021.<\/div>\n<div><span style=\"text-decoration: underline;\"><b>\u00ab\u00a0Let\u2019s meet on a cloud\u00a0\u00bb<\/b><\/span><span>\u00a0<\/span>&#8211; Exposition collective &#8211; Fondation Artphilein &#8211; Lugano &#8211; F\u00e9vrier\/mars 2021<\/div>\n<\/td>\n<\/tr>\n<\/tbody>\n<\/table>\n<p>[\/et_pb_text][et_pb_text _builder_version=\u00a0\u00bb4.27.0&Prime; _module_preset=\u00a0\u00bbdefault\u00a0\u00bb global_colors_info=\u00a0\u00bb{}\u00a0\u00bb]<\/p>\n<table border=\"0\" style=\"width: 100%; border-collapse: collapse; border-style: none;\">\n<tbody>\n<tr>\n<td style=\"width: 9.67638%; vertical-align: top;\">\n<h4>2020<\/h4>\n<\/td>\n<td style=\"width: 50.3236%;\">\n<div><b><span style=\"text-decoration: underline;\"><strong>\u00ab\u00a0Temps suspendus\u00a0\u00bb<\/strong> <\/span>&#8211; exposition collective &#8211; Galerie Plateforme, Paris. Septembre Octobre 2020<br \/><span style=\"text-decoration: underline;\"><strong>\u00ab\u00a0Galerie Charlot: 10 years anniversary\u00a0\u00bb<\/strong><\/span> &#8211; exposition collective &#8211; Galerie Charlot, Paris, Septembre octobre 2020<\/b><\/div>\n<\/td>\n<\/tr>\n<\/tbody>\n<\/table>\n<p>[\/et_pb_text][et_pb_text _builder_version=\u00a0\u00bb4.27.0&Prime; _module_preset=\u00a0\u00bbdefault\u00a0\u00bb custom_padding=\u00a0\u00bb||0px|||\u00a0\u00bb global_colors_info=\u00a0\u00bb{}\u00a0\u00bb]<\/p>\n<table border=\"0\" style=\"width: 100%; border-collapse: collapse; border-style: none;\">\n<tbody>\n<tr>\n<td style=\"width: 9.67638%; vertical-align: top;\">\n<h4>2019<\/h4>\n<\/td>\n<td style=\"width: 50.3236%;\">\n<div><span style=\"font-size: small;\"><b><strong><span style=\"text-decoration: underline;\">\u00ab\u00a039 heures avant l&rsquo;\u00e9t\u00e9\u00a0\u00bb<\/span> &#8211; exposition collective &#8211; 39\/93 Romainville &#8211; Juin Juillet 2019.<br \/><b style=\"text-align: left;\"><span style=\"text-decoration: underline;\">\u00ab\u00a0Sur la ligne de fuite\u00a0\u00bb<\/span>\u00a0<\/b><span style=\"text-align: left;\">Exposition solo \u2013 Galerie Charlot Paris \u2013 Avril\/mai 2019.<\/span><\/strong><\/b><\/span><\/div>\n<\/td>\n<\/tr>\n<\/tbody>\n<\/table>\n<p>[\/et_pb_text][et_pb_text _builder_version=\u00a0\u00bb4.27.0&Prime; _module_preset=\u00a0\u00bbdefault\u00a0\u00bb global_colors_info=\u00a0\u00bb{}\u00a0\u00bb]<\/p>\n<table border=\"0\" style=\"width: 100%; border-collapse: collapse; border-style: none;\">\n<tbody>\n<tr>\n<td style=\"width: 9.67638%; vertical-align: top;\">\n<h4>2018<\/h4>\n<\/td>\n<td style=\"width: 50.3236%;\">\n<div><span style=\"font-size: small;\"><b><strong><b style=\"text-align: left;\"><span style=\"text-decoration: underline;\">\u00ab\u00a0Handmade\u00a0\u00bb<\/span>\u00a0<\/b><span style=\"text-align: left;\">\u2013 installation permanente \u2013 Commande &#8211; magasin Herm\u00e8s Palo-Alto \u2013 Mai 2018<br \/><\/span><strong><span style=\"text-decoration: underline;\">\u00ab\u00a0Perception et illusions\u00a0\u00bb<\/span> &#8211;\u00a0<\/strong><span style=\"background-color: #ffffff;\">Commanderie des Templiers &#8211; St Quentin en Yvelines &#8211;\u00a0Novembre-Mars 2018 &#8211; exp.colllective<\/span><\/strong><\/b><\/span><\/div>\n<\/td>\n<\/tr>\n<\/tbody>\n<\/table>\n<p>[\/et_pb_text][et_pb_text _builder_version=\u00a0\u00bb4.27.0&Prime; _module_preset=\u00a0\u00bbdefault\u00a0\u00bb global_colors_info=\u00a0\u00bb{}\u00a0\u00bb]<\/p>\n<table border=\"0\" style=\"width: 100%; border-collapse: collapse; border-style: none;\">\n<tbody>\n<tr>\n<td style=\"width: 9.67638%; vertical-align: top;\">\n<h4><span style=\"text-decoration: underline;\">2017<\/span><\/h4>\n<\/td>\n<td style=\"width: 50.3236%;\">\n<div><span style=\"font-size: small;\"><b><strong><b style=\"text-align: left;\"><span style=\"text-decoration: underline;\"><strong>\u00ab\u00a0Beyond the lines\u00a0\u00bb <\/strong><\/span>&#8211; exposition en duo avec Manfred Mohr &#8211; Galerie Charlot, Paris &#8211; Octobre\/novembre 2017<br \/><span style=\"text-decoration: underline;\"><strong>\u00ab\u00a0The Artside of Algorythm\u00a0\u00bb<\/strong><\/span> &#8211; expo collective &#8211;\u00a0<span style=\"background-color: #ffffff;\">Galerie Charlot Tel-Aviv &#8211;\u00a0Mai\/juin 2017<br \/><\/span><strong><span style=\"text-decoration: underline;\">\u00ab\u00a0Dadaclub-Online\u00a0\u00bb<\/span> &#8211; Expo collective &#8211;\u00a0<\/strong><span style=\"background-color: #ffffff;\">Galerie Charlot, Paris &#8211;\u00a0Septembre 2017<br \/><\/span><span style=\"text-decoration: underline;\"><strong style=\"background-color: #ffffff;\">Art Paris Art Fai<\/strong><\/span><span style=\"background-color: #ffffff;\"><span style=\"text-decoration: underline;\">r 2017<\/span>, Mars 2017.<\/span><\/b><\/strong><\/b><\/span><\/div>\n<\/td>\n<\/tr>\n<\/tbody>\n<\/table>\n<p>[\/et_pb_text][et_pb_text _builder_version=\u00a0\u00bb4.27.0&Prime; _module_preset=\u00a0\u00bbdefault\u00a0\u00bb global_colors_info=\u00a0\u00bb{}\u00a0\u00bb]<\/p>\n<table border=\"0\" style=\"width: 100%; border-collapse: collapse; border-style: none;\">\n<tbody>\n<tr>\n<td style=\"width: 9.67638%; vertical-align: top;\">\n<h4>2016<\/h4>\n<\/td>\n<td style=\"width: 50.3236%;\">\n<div><span style=\"font-size: small;\"><b><strong><b style=\"text-align: left;\"><strong><span style=\"text-decoration: underline;\">\u00ab\u00a0Int\u00e8rieur\u00a0\u00bb<\/span> &#8211;\u00a0<span style=\"background-color: #ffffff;\">Exposition solo &#8211;\u00a0<\/span>Galerie Charlot, Paris &#8211; Novembre\/decembre 2016<br \/><span style=\"text-decoration: underline;\">Festival Phtophore<\/span> &#8211; Tremblay en France &#8211; Septembre 2016 &#8211; Exposition collective<br \/><span style=\"text-decoration: underline;\">\u00ab\u00a0De notre Nature\u00a0\u00bb<\/span> Commanderie des Templiers &#8211; Saint Quentin en Yvelines &#8211; Mai\/juin 2016 &#8211; Exposition solo.<br \/><span style=\"text-decoration: underline;\">\u00ab\u00a0J&rsquo;y \u00e9tais, alors je m&rsquo;en souviens\u00a0\u00bb<\/span> &#8211; Maison de la Catalanit\u00e9, Perpignan &#8211; Mai\/juin 2016 &#8211; Exposition collective.<\/strong><\/b><\/strong><\/b><\/span><\/div>\n<\/td>\n<\/tr>\n<\/tbody>\n<\/table>\n<p>[\/et_pb_text][et_pb_text _builder_version=\u00a0\u00bb4.27.0&Prime; _module_preset=\u00a0\u00bbdefault\u00a0\u00bb global_colors_info=\u00a0\u00bb{}\u00a0\u00bb]<\/p>\n<table border=\"0\" style=\"width: 100%; border-collapse: collapse; border-style: none;\">\n<tbody>\n<tr>\n<td style=\"width: 9.67638%; vertical-align: top;\">\n<h4>2015<\/h4>\n<\/td>\n<td style=\"width: 50.3236%;\">\n<div><span style=\"font-size: small;\"><b><strong><b style=\"text-align: left;\"><strong><span style=\"text-decoration: underline;\">Slick Paris<\/span> &#8211; 24\/27 octobre 2015 &#8211; Exposition collective.<br \/><span style=\"text-decoration: underline;\">Art Paris Art Fair 2015<\/span>, Mars 2015.<br \/><span style=\"text-decoration: underline;\">\u00ab\u00a0Light Moments\u00a0\u00bb<\/span>, Baselworld , Basel, Mars 2015. Commande de la soci\u00e9t\u00e9 Herm\u00e9s.<\/strong><\/b><\/strong><\/b><\/span><\/div>\n<\/td>\n<\/tr>\n<\/tbody>\n<\/table>\n<p>[\/et_pb_text][et_pb_text _builder_version=\u00a0\u00bb4.27.0&Prime; _module_preset=\u00a0\u00bbdefault\u00a0\u00bb global_colors_info=\u00a0\u00bb{}\u00a0\u00bb]<\/p>\n<table border=\"0\" style=\"width: 100%; border-collapse: collapse; border-style: none;\">\n<tbody>\n<tr>\n<td style=\"width: 9.67638%; vertical-align: top;\">\n<h4><span style=\"text-decoration: underline;\">2014<\/span><\/h4>\n<\/td>\n<td style=\"width: 50.3236%;\">\n<div><span style=\"font-size: small;\"><b><strong><b style=\"text-align: left;\"><strong><span style=\"text-decoration: underline;\">Galerie Hubert Winter<\/span>, octobre-novembre 2014, Vienne &#8211; Exposition collective.<br \/><span style=\"text-decoration: underline;\">Scope Basel<\/span>, Octobre 2014 .<br \/><span style=\"text-decoration: underline;\">Abbaye de Saint Riquier<\/span> &#8211; Juin-Septembre 2014 &#8211; Exposition collective.<\/strong><\/b><\/strong><\/b><\/span><\/div>\n<\/td>\n<\/tr>\n<\/tbody>\n<\/table>\n<p>[\/et_pb_text][et_pb_text _builder_version=\u00a0\u00bb4.27.0&Prime; _module_preset=\u00a0\u00bbdefault\u00a0\u00bb global_colors_info=\u00a0\u00bb{}\u00a0\u00bb]<\/p>\n<table border=\"0\" style=\"width: 100%; border-collapse: collapse; border-style: none;\">\n<tbody>\n<tr>\n<td style=\"width: 9.67638%; vertical-align: top;\">\n<h4><span style=\"text-decoration: underline;\">2013<\/span><\/h4>\n<\/td>\n<td style=\"width: 50.3236%;\"><b><strong><span style=\"font-size: 14px;\"><b style=\"font-size: 14px; text-align: left;\"><strong style=\"font-size: 14px;\"><span style=\"font-size: small;\"><span style=\"text-decoration: underline;\">Galerie CHARLOT<\/span>, Septembre-octobre 2013, Paris &#8211; Exposition personnelle.<\/span><br \/><span style=\"font-size: small;\"><span style=\"text-decoration: underline;\">Slick Paris<\/span> &#8211; 24\/27 octobre 2013 &#8211; Exposition collective.<\/span><br \/><span style=\"font-size: small;\"><span style=\"text-decoration: underline;\">Show Off Paris<\/span> -The media Art Fair, 21\/23 octobre 2013 &#8211; Exposition collective.<\/span><br \/><\/strong><\/b><\/span><\/strong><\/b><\/td>\n<\/tr>\n<\/tbody>\n<\/table>\n<p>[\/et_pb_text][et_pb_text _builder_version=\u00a0\u00bb4.27.0&Prime; _module_preset=\u00a0\u00bbdefault\u00a0\u00bb global_colors_info=\u00a0\u00bb{}\u00a0\u00bb]<\/p>\n<table border=\"0\" style=\"width: 100%; border-collapse: collapse; border-style: none;\">\n<tbody>\n<tr>\n<td style=\"width: 9.67638%; vertical-align: top;\">\n<h4>2011<\/h4>\n<\/td>\n<td style=\"width: 50.3236%;\"><span style=\"font-size: small;\"><b><strong><b style=\"text-align: left;\"><strong><span style=\"text-decoration: underline;\">\u00ab\u00a0De l&rsquo;art contemporain au design num\u00e9rique\u00a0\u00bb<\/span> Gaiet\u00e9 Lyrique. Octobre 2011 &#8211; 104, Paris. Juin 2011<\/strong><\/b><\/strong><\/b><\/span><\/td>\n<\/tr>\n<\/tbody>\n<\/table>\n<p>[\/et_pb_text][\/et_pb_column_inner][\/et_pb_row_inner][et_pb_row_inner _builder_version=\u00a0\u00bb4.27.0&Prime; _module_preset=\u00a0\u00bbdefault\u00a0\u00bb global_colors_info=\u00a0\u00bb{}\u00a0\u00bb][et_pb_column_inner saved_specialty_column_type=\u00a0\u00bb2_3&Prime; _builder_version=\u00a0\u00bb4.27.0&Prime; _module_preset=\u00a0\u00bbdefault\u00a0\u00bb global_colors_info=\u00a0\u00bb{}\u00a0\u00bb][et_pb_text _builder_version=\u00a0\u00bb4.27.0&Prime; _module_preset=\u00a0\u00bbdefault\u00a0\u00bb global_colors_info=\u00a0\u00bb{}\u00a0\u00bb]<\/p>\n<h2><\/h2>\n<h2>S\u00e9lection de cr\u00e9ations visuelles et sc\u00e9nographiques\u00a0pour la sc\u00e8ne:<\/h2>\n<p>[\/et_pb_text][\/et_pb_column_inner][\/et_pb_row_inner][et_pb_row_inner _builder_version=\u00a0\u00bb4.27.0&Prime; _module_preset=\u00a0\u00bbdefault\u00a0\u00bb custom_margin=\u00a0\u00bb-26px|||||\u00a0\u00bb global_colors_info=\u00a0\u00bb{}\u00a0\u00bb][et_pb_column_inner saved_specialty_column_type=\u00a0\u00bb2_3&Prime; _builder_version=\u00a0\u00bb4.27.0&Prime; _module_preset=\u00a0\u00bbdefault\u00a0\u00bb global_colors_info=\u00a0\u00bb{}\u00a0\u00bb][et_pb_text _builder_version=\u00a0\u00bb4.27.0&Prime; _module_preset=\u00a0\u00bbdefault\u00a0\u00bb global_colors_info=\u00a0\u00bb{}\u00a0\u00bb]<\/p>\n<p style=\"text-align: justify;\"><strong>Tout va bien en am\u00e8rique<\/strong> \u2013 Th\u00e9\u00e2tre \/ Vid\u00e9o \/musique \u2013 Cr\u00e9ation Th\u00e9\u00e2tre des Bouffes du Nord \u2013 Avril 2013. Avec David Lescot, Benoit Delbecq, Ir\u00e8ne Jacob<br \/><strong>UP to 70 miles<\/strong> &#8211; Performance image num\u00e9rique \/ musique &#8211; Cr\u00e9ation: sc\u00e8ne national d\u2019Evry, 2010. Avec Serge Adam, musique.<br \/><strong>Around Robert Wyatt<\/strong> &#8211; Performance image num\u00e9rique \/ musique \u2013 Avec l&rsquo;Orchestre National de Jazz &#8211; 2009<br \/><strong>UW<\/strong> \u2013 Performance image num\u00e9rique \/ danse \u2013 Cr\u00e9ation: sc\u00e8ne national d\u2019Evry, 2008. Avec Nacera Belazza, chor\u00e9graphie.<br \/><strong>Artaud Remix<\/strong> \u2013 Image num\u00e9rique \/ musique \u2013 Festival Access, Pau, 2007. Avec Marc Chalosse, musique.<br \/><strong>Big Blue Eyes<\/strong> &#8211; Cr\u00e9ation th\u00e9\u00e2trale Sc\u00e8ne National de Clermont-Ferrand 2007. Sur un texte de Doroth\u00e9e Zumstein, avec Julie Binot et Marc Chalosse.<br \/>Blitz Party &#8211; Dispositif sc\u00e9nique interactif image \/ son. Cr\u00e9ation: Espace Gerard Philippe, Fontenay ss bois 2006. Plan\u00e8tarium \u2013 image num\u00e9rique \/ musique \u2013 Cr\u00e9ation Exposition Universelle A\u00efchi, Japon, 2005, avec Yves Dormoy, musique.<br \/><strong>Around Three Gardens<\/strong> &#8211; Performance image num\u00e9rique \/ Musique \u00e9lectroacoustique \u2013 avec Serge Adam, benoit Delbecq, gilles Coronado, Django Hartlap, Marc chalosse.<br \/><strong>Light Reels<\/strong> \u2013 Performance image num\u00e9rique \/ Musique \u00e9lectroacoustique \u2013 Cr\u00e9ation: Festival Festijazz de La Paz, Bolivie 2005.<br \/><strong>Patient Motion<\/strong> \u2013 performance mage num\u00e9rique \/ musique \u00e9lectroacoustique \u2013 Cr\u00e9ation: Les Vo\u00fbtes, Paris 2005.<br \/><strong>\u201cMus\u00e9e Haut, Mus\u00e9e bas\u201d<\/strong>&#8211; Cr\u00e9ation d\u2019image num\u00e9rique pour la pi\u00e8ce de Jean-Michel Ribes. Th\u00e9atre du Rond- Point 2005.<br \/><strong>Ogre<\/strong> \u2013 Performance th\u00e9\u00e2trale image\/son num\u00e9rique \u2013 Cr\u00e9ation: Festival e.magicien, Valenciennes, 2005.<br \/><strong>\u201cJe sais qu\u2019il existe aussi des amours r\u00e9ciproques\u201d<\/strong> Th\u00e9\u00e2tre \/ vid\u00e9o \/ musique, avec Ir\u00e8ne Jacob et Benoit Delbecq, Cr\u00e9ation sc\u00e8ne national de Brest 2004.<\/p>\n<p>[\/et_pb_text][\/et_pb_column_inner][\/et_pb_row_inner][\/et_pb_column][et_pb_column type=\u00a0\u00bb1_3&Prime; _builder_version=\u00a0\u00bb4.16&Prime; custom_padding=\u00a0\u00bb|||\u00a0\u00bb global_colors_info=\u00a0\u00bb{}\u00a0\u00bb custom_padding__hover=\u00a0\u00bb|||\u00a0\u00bb][et_pb_image src=\u00a0\u00bbhttps:\/\/ericvernhes.com\/wp-content\/uploads\/2024\/09\/Gaelle_labarthe2019.jpg\u00a0\u00bb title_text=\u00a0\u00bbGaelle_labarthe2019&Prime; _builder_version=\u00a0\u00bb4.27.0&Prime; _module_preset=\u00a0\u00bbdefault\u00a0\u00bb custom_margin=\u00a0\u00bb||2px|||\u00a0\u00bb global_colors_info=\u00a0\u00bb{}\u00a0\u00bb][\/et_pb_image][et_pb_text _builder_version=\u00a0\u00bb4.27.0&Prime; _module_preset=\u00a0\u00bbdefault\u00a0\u00bb global_colors_info=\u00a0\u00bb{}\u00a0\u00bb]<\/p>\n<p><span style=\"font-size: x-small;\">39 heures avant l&rsquo;\u00e9t\u00e9 &#8211; 2019 -ph. G..Labarthe<\/span><\/p>\n<p>[\/et_pb_text][\/et_pb_column][\/et_pb_section][et_pb_section fb_built=\u00a0\u00bb1&Prime; admin_label=\u00a0\u00bbsection\u00a0\u00bb _builder_version=\u00a0\u00bb4.16&Prime; transparent_background=\u00a0\u00bboff\u00a0\u00bb make_fullwidth=\u00a0\u00bboff\u00a0\u00bb use_custom_width=\u00a0\u00bboff\u00a0\u00bb width_unit=\u00a0\u00bboff\u00a0\u00bb custom_width_px=\u00a0\u00bb1080px\u00a0\u00bb custom_width_percent=\u00a0\u00bb80%\u00a0\u00bb global_colors_info=\u00a0\u00bb{}\u00a0\u00bb][et_pb_row _builder_version=\u00a0\u00bb4.27.0&Prime; _module_preset=\u00a0\u00bbdefault\u00a0\u00bb custom_padding=\u00a0\u00bb16px||3px|||\u00a0\u00bb global_colors_info=\u00a0\u00bb{}\u00a0\u00bb][et_pb_column type=\u00a0\u00bb4_4&Prime; _builder_version=\u00a0\u00bb4.27.0&Prime; _module_preset=\u00a0\u00bbdefault\u00a0\u00bb global_colors_info=\u00a0\u00bb{}\u00a0\u00bb][\/et_pb_column][\/et_pb_row][et_pb_row _builder_version=\u00a0\u00bb4.27.0&Prime; _module_preset=\u00a0\u00bbdefault\u00a0\u00bb custom_padding=\u00a0\u00bb16px||3px|||\u00a0\u00bb global_colors_info=\u00a0\u00bb{}\u00a0\u00bb][et_pb_column type=\u00a0\u00bb4_4&Prime; _builder_version=\u00a0\u00bb4.27.0&Prime; _module_preset=\u00a0\u00bbdefault\u00a0\u00bb global_colors_info=\u00a0\u00bb{}\u00a0\u00bb][\/et_pb_column][\/et_pb_row][\/et_pb_section][et_pb_section fb_built=\u00a0\u00bb1&Prime; _builder_version=\u00a0\u00bb4.27.0&Prime; _module_preset=\u00a0\u00bbdefault\u00a0\u00bb global_colors_info=\u00a0\u00bb{}\u00a0\u00bb][\/et_pb_section]<\/p>","protected":false},"excerpt":{"rendered":"<p>EXPOSITIONS &#8211; Selection 2024 My1st &#8211; Exposition collective &#8211; Galerie Charlot, Paris, Decembre 2024CYFEST 16 international media art festival &#8211; Yerevan, Arm\u00e9nie &#8211; Novembre 2024Biennale PLEIADES\u00a0&#8211; Saint-Etienne &#8211; Exposition collective -Octobre 2024BIAN &#8211; Biennale internationale d\u2019art num\u00e9rique de Montr\u00e9al &#8211; Exposition collective &#8211; Mai-Juillet 2024\u00abSAFE\u00bb &#8211; Performance &#8211; CESARE Reims &#8211; Mai 2024\u00abProjections &#8211; Architectures [&hellip;]<\/p>","protected":false},"author":1,"featured_media":0,"parent":0,"menu_order":0,"comment_status":"closed","ping_status":"closed","template":"","meta":{"_et_pb_use_builder":"on","_et_pb_old_content":"","_et_gb_content_width":"","footnotes":""},"class_list":["post-4177","page","type-page","status-publish","hentry"],"_links":{"self":[{"href":"https:\/\/ericvernhes.com\/en\/wp-json\/wp\/v2\/pages\/4177","targetHints":{"allow":["GET"]}}],"collection":[{"href":"https:\/\/ericvernhes.com\/en\/wp-json\/wp\/v2\/pages"}],"about":[{"href":"https:\/\/ericvernhes.com\/en\/wp-json\/wp\/v2\/types\/page"}],"author":[{"embeddable":true,"href":"https:\/\/ericvernhes.com\/en\/wp-json\/wp\/v2\/users\/1"}],"replies":[{"embeddable":true,"href":"https:\/\/ericvernhes.com\/en\/wp-json\/wp\/v2\/comments?post=4177"}],"version-history":[{"count":6,"href":"https:\/\/ericvernhes.com\/en\/wp-json\/wp\/v2\/pages\/4177\/revisions"}],"predecessor-version":[{"id":4217,"href":"https:\/\/ericvernhes.com\/en\/wp-json\/wp\/v2\/pages\/4177\/revisions\/4217"}],"wp:attachment":[{"href":"https:\/\/ericvernhes.com\/en\/wp-json\/wp\/v2\/media?parent=4177"}],"curies":[{"name":"wp","href":"https:\/\/api.w.org\/{rel}","templated":true}]}}