{"id":4137,"date":"2024-09-05T17:47:11","date_gmt":"2024-09-05T17:47:11","guid":{"rendered":"https:\/\/ericvernhes.com\/?page_id=4137"},"modified":"2024-09-05T20:04:41","modified_gmt":"2024-09-05T20:04:41","slug":"bio-et-textes","status":"publish","type":"page","link":"https:\/\/ericvernhes.com\/en\/bio-et-textes\/","title":{"rendered":"BIO AND TEXTS"},"content":{"rendered":"<p>[et_pb_section fb_built=\u00a0\u00bb1&Prime; admin_label=\u00a0\u00bbsection\u00a0\u00bb _builder_version=\u00a0\u00bb4.16&Prime; transparent_background=\u00a0\u00bboff\u00a0\u00bb make_fullwidth=\u00a0\u00bboff\u00a0\u00bb use_custom_width=\u00a0\u00bboff\u00a0\u00bb width_unit=\u00a0\u00bboff\u00a0\u00bb custom_width_px=\u00a0\u00bb1080px\u00a0\u00bb custom_width_percent=\u00a0\u00bb80%\u00a0\u00bb global_colors_info=\u00a0\u00bb{}\u00a0\u00bb][et_pb_row _builder_version=\u00a0\u00bb4.27.0&Prime; _module_preset=\u00a0\u00bbdefault\u00a0\u00bb custom_margin=\u00a0\u00bb60px||||false|false\u00a0\u00bb custom_padding=\u00a0\u00bb||3px|||\u00a0\u00bb global_colors_info=\u00a0\u00bb{}\u00a0\u00bb][et_pb_column type=\u00a0\u00bb4_4&Prime; _builder_version=\u00a0\u00bb4.27.0&Prime; _module_preset=\u00a0\u00bbdefault\u00a0\u00bb global_colors_info=\u00a0\u00bb{}\u00a0\u00bb][et_pb_text _builder_version=\u00a0\u00bb4.27.0&Prime; _module_preset=\u00a0\u00bbdefault\u00a0\u00bb hover_enabled=\u00a0\u00bb0&Prime; sticky_enabled=\u00a0\u00bb0&Prime; custom_margin=\u00a0\u00bb||14px|||\u00a0\u00bb custom_padding=\u00a0\u00bb||4px|||\u00a0\u00bb]<\/p>\n<h2>SINCHRONICITY<\/h2>\n<p>[\/et_pb_text][et_pb_text _builder_version=\u00a0\u00bb4.27.0&Prime; text_font=\u00a0\u00bb||on||||||\u00a0\u00bb text_text_color=\u00a0\u00bb#000000&Prime; text_font_size=\u00a0\u00bb1px\u00a0\u00bb background_size=\u00a0\u00bbinitial\u00a0\u00bb background_position=\u00a0\u00bbtop_left\u00a0\u00bb background_repeat=\u00a0\u00bbrepeat\u00a0\u00bb text_orientation=\u00a0\u00bbjustified\u00a0\u00bb min_height=\u00a0\u00bb191px\u00a0\u00bb custom_margin=\u00a0\u00bb-8px|||||\u00a0\u00bb custom_padding=\u00a0\u00bb5px||1px|||\u00a0\u00bb hover_enabled=\u00a0\u00bb0&Prime; use_border_color=\u00a0\u00bboff\u00a0\u00bb border_style=\u00a0\u00bbsolid\u00a0\u00bb locked=\u00a0\u00bboff\u00a0\u00bb global_colors_info=\u00a0\u00bb{}\u00a0\u00bb sticky_enabled=\u00a0\u00bb0&Prime;]<\/p>\n<p class=\"p2\"><span style=\"font-size: medium;\"><strong><em>Eric Vernhes\u2019 artistic practice is based on the creation of \u00ab temporal objects \u00bb. This concept, derived from phenomenology, qualifies devices endowed with an intrinsic movement that espouses that of the spectator\u2019s consciousness. Eric Vernhes uses it in his work to create a magical moment: the moment when the spectator\u2019s imagination, set in motion by the work, comes to be embodied in it.<\/em><\/strong><\/span><br \/><span style=\"font-size: medium;\"><strong><em>Our body, our emotions, our ideas are constantly in motion. Confronted<span class=\"Apple-converted-space\">\u00a0 <\/span>with the movement of the work, a relationship of sympathy is created with it by synchronicity. This relationship with an object makes us aware of our materiality: Before anything else, and in the absence of demonstration of the existence of the soul, the spectator is a body, at a precise moment, in a given place, immersed in the contemplation of his own imagination that he projects in the work. A parenthesis then opens in the incessant movement that propels him towards his finitude. There is here an intrinsically, specifically human experience: the artistic experience.<br \/><span class=\"s1\">Art often proposes questions. The work of Eric Vernhes proposes rather an ambition: <\/span>to conquer an ever higher level of awareness of ourselves, our bodies, the world and time in order to perpetuate, despite all the challenges, the experience of our humanity.<\/em><\/strong><\/span><\/p>\n<p>[\/et_pb_text][et_pb_divider color=\u00a0\u00bb#000000&Prime; _builder_version=\u00a0\u00bb4.27.0&Prime; _module_preset=\u00a0\u00bbdefault\u00a0\u00bb custom_margin=\u00a0\u00bb|||256px|false|false\u00a0\u00bb custom_margin_tablet=\u00a0\u00bb|||0px|false|false\u00a0\u00bb custom_margin_phone=\u00a0\u00bb|||0px|false|false\u00a0\u00bb custom_margin_last_edited=\u00a0\u00bbon|desktop\u00a0\u00bb global_colors_info=\u00a0\u00bb{}\u00a0\u00bb][\/et_pb_divider][\/et_pb_column][\/et_pb_row][et_pb_row column_structure=\u00a0\u00bb1_4,3_4&Prime; _builder_version=\u00a0\u00bb4.27.0&Prime; _module_preset=\u00a0\u00bbdefault\u00a0\u00bb global_colors_info=\u00a0\u00bb{}\u00a0\u00bb][et_pb_column type=\u00a0\u00bb1_4&Prime; _builder_version=\u00a0\u00bb4.27.0&Prime; _module_preset=\u00a0\u00bbdefault\u00a0\u00bb global_colors_info=\u00a0\u00bb{}\u00a0\u00bb][et_pb_image src=\u00a0\u00bbhttp:\/\/ericvernhes.com\/wp-content\/uploads\/2017\/02\/eric-vernhes-portrait-5.jpg\u00a0\u00bb show_in_lightbox=\u00a0\u00bbon\u00a0\u00bb align_tablet=\u00a0\u00bbcenter\u00a0\u00bb align_phone=\u00a0\u00bb\u00a0\u00bb align_last_edited=\u00a0\u00bbon|desktop\u00a0\u00bb _builder_version=\u00a0\u00bb4.27.0&Prime; custom_margin=\u00a0\u00bb3px||||false|false\u00a0\u00bb animation_style=\u00a0\u00bbslide\u00a0\u00bb animation_direction=\u00a0\u00bbleft\u00a0\u00bb animation_duration=\u00a0\u00bb500ms\u00a0\u00bb animation_intensity_slide=\u00a0\u00bb10%\u00a0\u00bb use_border_color=\u00a0\u00bboff\u00a0\u00bb border_color=\u00a0\u00bb#ffffff\u00a0\u00bb border_width=\u00a0\u00bb1px\u00a0\u00bb border_style=\u00a0\u00bbsolid\u00a0\u00bb sticky=\u00a0\u00bboff\u00a0\u00bb always_center_on_mobile=\u00a0\u00bbon\u00a0\u00bb global_colors_info=\u00a0\u00bb{}\u00a0\u00bb][\/et_pb_image][\/et_pb_column][et_pb_column type=\u00a0\u00bb3_4&Prime; _builder_version=\u00a0\u00bb4.27.0&Prime; _module_preset=\u00a0\u00bbdefault\u00a0\u00bb global_colors_info=\u00a0\u00bb{}\u00a0\u00bb][et_pb_text _builder_version=\u00a0\u00bb4.27.0&Prime; text_text_color=\u00a0\u00bb#000000&Prime; background_size=\u00a0\u00bbinitial\u00a0\u00bb background_position=\u00a0\u00bbtop_left\u00a0\u00bb background_repeat=\u00a0\u00bbrepeat\u00a0\u00bb custom_margin=\u00a0\u00bb-6px||-37px||false|false\u00a0\u00bb custom_margin_tablet=\u00a0\u00bb||-37px||false|false\u00a0\u00bb custom_margin_phone=\u00a0\u00bb||-37px||false|false\u00a0\u00bb custom_margin_last_edited=\u00a0\u00bbon|desktop\u00a0\u00bb custom_padding=\u00a0\u00bb4px|||||\u00a0\u00bb use_border_color=\u00a0\u00bboff\u00a0\u00bb border_style=\u00a0\u00bbsolid\u00a0\u00bb global_colors_info=\u00a0\u00bb{}\u00a0\u00bb]<\/p>\n<h2 style=\"text-align: justify;\">BIOGRAPHIE<\/h2>\n<p style=\"text-align: justify;\">After a degree in architecture directed by Paul Virilio, Eric Vernhes worked in film production alongside Anatole Dauman (Argos films). The latter gave him the opportunity to write his first fiction and documentary projects.\nTaking the side of cinema as a global medium, he practices writing, editing, directing and sound creation within his production company.\nLooking for more intuitive modes of expression than in conventional audiovisual, he practices experimental video, then implements computer tools that allow him to condense the phases of editing, image\/sound processing and broadcasting in a single step. Surrounding himself with improvising musicians, he creates stage performances where the creation of digital images and music proceeds from the same moment and the same gesture, either in interaction modalities, or thanks to the mastery of image improvisation, made possible by the development of specific interfaces. The challenge is to approach another quality of cinematographic writing elaborated under the dictatorship of the moment and intuition. He also works on theatrical projects in which the image is integrated from the writing stage, as well as for the rock scene. Since 2008, he has been creating kinetic, visual or sound devices and installations whose behaviors he programs according to auto-generative, interactive or hybrid logics. He has thus developed a multidisciplinary artistic path tending towards a resolutely humanistic approach. The digital processes he uses are extracted from their technical context to be put at the service of a timeless discourse inspired by literature and philosophy. Eric Vernhes thus makes anthropoid creations exist: the movement of the works themselves, while espousing that of our conscience, also seems to espouse our own humanity and gives us the spectacle of it.<br \/>His work is shown in international exhibitions, art centers and foundations. He also teaches technological arts.<\/p>\n<p style=\"text-align: justify;\">Represented in Paris by the <a href=\"http:\/\/www.galeriecharlot.com\/fr\/47\/Eric-Vernhes\">Galerie Charlot<\/a>.<br \/>Private collections: Artphilein Foundation, Lugano \u2013 Stuart Frankel, Chicago \u2013 Coleccion BEEP de Arte Electronico, Barcelona\u2026<\/p>\n<p>&nbsp;<\/p>\n<p>&nbsp;<\/p>\n<p style=\"text-align: justify;\" class=\"et-fb-mce-line-break-holder\">[\/et_pb_text][et_pb_divider color=\u00a0\u00bb#000000&Prime; _builder_version=\u00a0\u00bb4.27.0&Prime; _module_preset=\u00a0\u00bbdefault\u00a0\u00bb custom_margin=\u00a0\u00bb|||2px|false|false\u00a0\u00bb custom_margin_tablet=\u00a0\u00bb|||0px|false|false\u00a0\u00bb custom_margin_phone=\u00a0\u00bb|||0px|false|false\u00a0\u00bb custom_margin_last_edited=\u00a0\u00bbon|desktop\u00a0\u00bb global_colors_info=\u00a0\u00bb{}\u00a0\u00bb][\/et_pb_divider][et_pb_text _builder_version=\u00a0\u00bb4.27.0&Prime; _module_preset=\u00a0\u00bbdefault\u00a0\u00bb custom_padding=\u00a0\u00bb0px||||false|false\u00a0\u00bb locked=\u00a0\u00bboff\u00a0\u00bb global_colors_info=\u00a0\u00bb{}\u00a0\u00bb]<\/p>\n<h2><span style=\"color: #000000;\">ARTICLES &amp; TEXTS - SELECTION<\/span><\/h2>\n<h4><span style=\"color: #000080;\"><\/span><\/h4>\n<h4><span style=\"color: #000080;\"><\/span><\/h4>\n<h4><span style=\"color: #000080;\"><\/span><span style=\"color: #000080;\"><a href=\"https:\/\/ericvernhes.com\/wp-content\/uploads\/2024\/09\/entretien-avec-eric-vernhes.pdf\" style=\"color: #000080;\">Entretien avec Eric Vernhes, par Alexia Antuofermo<\/a><\/span><\/h4>\n<p><span style=\"color: #000000;\"><a href=\"https:\/\/ericvernhes.com\/wp-content\/uploads\/2024\/09\/entretien-avec-eric-vernhes.pdf\" style=\"color: #000000;\">Revue AXONE[S] &#8211; 2018<\/a><\/span><\/p>\n<h4><\/h4>\n<h4><span style=\"color: #000080;\"><a href=\"https:\/\/www.artshebdomedias.com\/article\/au-croisement-des-paralleles-avec-eric-vernhes\/\" style=\"color: #000080;\">\u00ab\u00a0Au croisement des parall\u00e8les avec Eric Vernhes\u00a0\u00bb par Marie-Laure Desjardins.<\/a><\/span><span style=\"color: #000080;\"><\/span><\/h4>\n<p><span style=\"color: #000000;\"><a href=\"https:\/\/www.artshebdomedias.com\/article\/au-croisement-des-paralleles-avec-eric-vernhes\/\" style=\"color: #000000;\">ARTS HEBDO MEDIA &#8211; 2019<\/a><\/span><\/p>\n<h4><\/h4>\n<h4><span style=\"color: #000080;\"><a href=\"https:\/\/blogs.mediapart.fr\/jean-jacques-birge\/blog\/050124\/eric-vernhes-en-5-articles\" style=\"color: #000080;\">\u00ab\u00a0Eric Vernhes en cinq articles\u00a0\u00bb par Jean-Jacques Birg\u00e9 &#8211; 2024<\/a><\/span><\/h4>\n<p><span style=\"color: #000000;\"><a href=\"https:\/\/blogs.mediapart.fr\/jean-jacques-birge\/blog\/050124\/eric-vernhes-en-5-articles\" style=\"color: #000000;\">Club MEDIAPART &#8211; 5 articles de 2013 \u00e0 2023<\/a><\/span><\/p>\n<p><span style=\"color: #000080;\"><\/span><\/p>\n<h4><span style=\"color: #000080;\"><a href=\"https:\/\/www.artshebdomedias.com\/article\/mecanique-sensible-deric-vernhes\/\" style=\"color: #000080;\">\u00ab\u00a0La m\u00e9canique sensible d&rsquo;Eric Vernhes\u00a0\u00bb par Samantha Deman.<\/a><\/span><\/h4>\n<p><span style=\"color: #000000;\"><a href=\"https:\/\/www.artshebdomedias.com\/article\/mecanique-sensible-deric-vernhes\/\" style=\"color: #000000;\">ARTS HEBDO MEDIA &#8211; 2016<\/a><\/span><\/p>\n<p><span style=\"color: #000080;\"><\/span><\/p>\n<h4><span style=\"color: #000080;\"><a href=\"https:\/\/vimeo.com\/1004132484\" style=\"color: #000080;\">Gaiet\u00e9 Lyrique &#8211; Rencontre avec Eric Vernhes &#8211; captation vid\u00e9o &#8211; 2017<\/a><\/span><\/h4>\n<p><span style=\"color: #000000;\"><a href=\"https:\/\/vimeo.com\/1004132484\" style=\"color: #000000;\">Organis\u00e9e par Design by Data, Advanced Master in Computational Design<\/a><\/span><\/p>\n<h4><\/h4>\n<h4><span style=\"color: #000080;\"><a href=\"https:\/\/ericvernhes.com\/wp-content\/uploads\/2024\/09\/BAT-Eric-Vernhes-12-pages.pdf\" style=\"color: #000080;\">\u00ab\u00a0De notre nature\u00a0\u00bb &#8211; Catalogue d&rsquo;exposition &#8211; 2016<\/a><\/span><\/h4>\n<p><span style=\"color: #000000;\"><a href=\"https:\/\/ericvernhes.com\/wp-content\/uploads\/2024\/09\/BAT-Eric-Vernhes-12-pages.pdf\" style=\"color: #000000;\">Commanderie des templiers de la villedieu &#8211; Commissariat: Oph\u00e9lie Petit.<\/a><\/span><\/p>\n<h4><\/h4>\n<h4><span style=\"color: #000080;\"><a href=\"https:\/\/www.youtube.com\/watch?v=KH0p6YG4Hm0\" style=\"color: #000080;\">\u00ab\u00a0Eric Vernhes &#8211; Vid\u00e9oportrait\u00a0\u00bb Vid\u00e9oformes 2024<\/a><\/span><\/h4>\n<p><span style=\"color: #000000;\"><a href=\"https:\/\/ericvernhes.com\/wp-content\/uploads\/2024\/09\/BAT-Eric-Vernhes-12-pages.pdf\" style=\"color: #000000;\">Par Gabriel Soucheyre &#8211; Vid\u00e9oformes 2024<\/a><\/span><\/p>\n<p><span style=\"color: #000080;\">\u00a0<\/span><\/p>\n<h4><span style=\"color: #000080;\">\u00a0<\/span><\/h4>\n<p>[\/et_pb_text][\/et_pb_column][\/et_pb_row][\/et_pb_section][et_pb_section fb_built=\u00a0\u00bb1&Prime; _builder_version=\u00a0\u00bb4.27.0&Prime; _module_preset=\u00a0\u00bbdefault\u00a0\u00bb global_colors_info=\u00a0\u00bb{}\u00a0\u00bb][\/et_pb_section]<\/p>","protected":false},"excerpt":{"rendered":"<p>SINCHRONICIT\u00c9La pratique artistique d&rsquo;Eric Vernhes repose sur la cr\u00e9ation \u00ab\u00a0d&rsquo;objets temporels\u00a0\u00bb. Ce concept, issue de la ph\u00e9nom\u00e9nologie, qualifie des dispositifs dot\u00e9s d&rsquo;un mouvement intrins\u00e8que qui \u00e9pouse celui de la conscience du spectateur. Eric Vernhes l&rsquo;utilise dans son travail pour cr\u00e9er un moment magique: Celui o\u00f9 l&rsquo;imaginaire du spectateur, mis en mouvement par l&rsquo;oeuvre, vient \u00e0 [&hellip;]<\/p>","protected":false},"author":1,"featured_media":0,"parent":0,"menu_order":0,"comment_status":"closed","ping_status":"closed","template":"","meta":{"_et_pb_use_builder":"on","_et_pb_old_content":"","_et_gb_content_width":"","footnotes":""},"class_list":["post-4137","page","type-page","status-publish","hentry"],"_links":{"self":[{"href":"https:\/\/ericvernhes.com\/en\/wp-json\/wp\/v2\/pages\/4137","targetHints":{"allow":["GET"]}}],"collection":[{"href":"https:\/\/ericvernhes.com\/en\/wp-json\/wp\/v2\/pages"}],"about":[{"href":"https:\/\/ericvernhes.com\/en\/wp-json\/wp\/v2\/types\/page"}],"author":[{"embeddable":true,"href":"https:\/\/ericvernhes.com\/en\/wp-json\/wp\/v2\/users\/1"}],"replies":[{"embeddable":true,"href":"https:\/\/ericvernhes.com\/en\/wp-json\/wp\/v2\/comments?post=4137"}],"version-history":[{"count":11,"href":"https:\/\/ericvernhes.com\/en\/wp-json\/wp\/v2\/pages\/4137\/revisions"}],"predecessor-version":[{"id":4169,"href":"https:\/\/ericvernhes.com\/en\/wp-json\/wp\/v2\/pages\/4137\/revisions\/4169"}],"wp:attachment":[{"href":"https:\/\/ericvernhes.com\/en\/wp-json\/wp\/v2\/media?parent=4137"}],"curies":[{"name":"wp","href":"https:\/\/api.w.org\/{rel}","templated":true}]}}