{"id":3957,"date":"2024-09-05T11:20:04","date_gmt":"2024-09-05T11:20:04","guid":{"rendered":"https:\/\/ericvernhes.com\/?page_id=3957"},"modified":"2024-09-05T15:23:14","modified_gmt":"2024-09-05T15:23:14","slug":"liste-filtre","status":"publish","type":"page","link":"https:\/\/ericvernhes.com\/en\/liste-filtre\/","title":{"rendered":"liste filtre"},"content":{"rendered":"<p>[et_pb_section fb_built=\u00a0\u00bb1&Prime; _builder_version=\u00a0\u00bb4.27.0&Prime; _module_preset=\u00a0\u00bbdefault\u00a0\u00bb global_colors_info=\u00a0\u00bb{}\u00a0\u00bb][et_pb_row _builder_version=\u00a0\u00bb4.27.0&Prime; _module_preset=\u00a0\u00bbdefault\u00a0\u00bb global_colors_info=\u00a0\u00bb{}\u00a0\u00bb][et_pb_column type=\u00a0\u00bb4_4&Prime; _builder_version=\u00a0\u00bb4.27.0&Prime; _module_preset=\u00a0\u00bbdefault\u00a0\u00bb global_colors_info=\u00a0\u00bb{}\u00a0\u00bb][dpdfg_filtergrid include_categories=\u00a0\u00bb18,32,33,30,29,23,13,35,31,24,25,27,21,36,28&Prime; thumbnail_size=\u00a0\u00bb1080&#215;9999&Prime; show_post_meta=\u00a0\u00bboff\u00a0\u00bb show_content=\u00a0\u00bbon\u00a0\u00bb all_text=\u00a0\u00bbListe compl\u00e8te\u00a0\u00bb container_layout=\u00a0\u00bbdp-dfg-skin-left-vertical-filters dp-dfg-skin-right-vertical-filters\u00a0\u00bb items_layout=\u00a0\u00bbdp-dfg-layout-masonry\u00a0\u00bb items_width=\u00a0\u00bb35%\u00a0\u00bb grid_font_size=\u00a0\u00bb13px\u00a0\u00bb overlay_icon_color=\u00a0\u00bb#000000&Prime; dfg_loader=\u00a0\u00bbc1&Prime; dfg_lc1=\u00a0\u00bb#E02B20&Prime; dfg_lc2=\u00a0\u00bb#000000&Prime; show_search=\u00a0\u00bbon\u00a0\u00bb relevanssi=\u00a0\u00bbon\u00a0\u00bb items_width_tablet=\u00a0\u00bb32%\u00a0\u00bb items_width_phone=\u00a0\u00bb32%\u00a0\u00bb items_width_last_edited=\u00a0\u00bbon|phone\u00a0\u00bb grid_font_size_tablet=\u00a0\u00bb12px\u00a0\u00bb _builder_version=\u00a0\u00bb4.27.0&Prime; _module_preset=\u00a0\u00bbdefault\u00a0\u00bb dpdfg_entry_title_text_color=\u00a0\u00bb#000000&Prime; dpdfg_entry_title_font_size=\u00a0\u00bb20px\u00a0\u00bb dpdfg_entry_title_line_height=\u00a0\u00bb1.2em\u00a0\u00bb dpdfg_entry_summary_text_color=\u00a0\u00bb#000000&Prime; dpdfg_entry_summary_font_size=\u00a0\u00bb12px\u00a0\u00bb dpdfg_entry_summary_line_height=\u00a0\u00bb1.3em\u00a0\u00bb dpdfg_search_font_size=\u00a0\u00bb13px\u00a0\u00bb dpdfg_filters_text_color=\u00a0\u00bb#000000&Prime; dpdfg_filters_font_size=\u00a0\u00bb13px\u00a0\u00bb dpdfg_filters_line_height=\u00a0\u00bb1.2em\u00a0\u00bb dpdfg_filters_active_text_color=\u00a0\u00bb#E02B20&Prime; custom_action_button=\u00a0\u00bbon\u00a0\u00bb hover_enabled=\u00a0\u00bb0&Prime; border_color_all=\u00a0\u00bb#B3B3B3&Prime; global_colors_info=\u00a0\u00bb{}\u00a0\u00bb sticky_enabled=\u00a0\u00bb0&Prime;][\/dpdfg_filtergrid][\/et_pb_column][\/et_pb_row][\/et_pb_section]<\/p>","protected":false},"excerpt":{"rendered":"<div class=\"et_pb_with_border et_pb_module dpdfg_filtergrid dpdfg_filtergrid_0\">\n\t\t\t\t\n\t\t\t\t\n\t\t\t\t\n\t\t\t\t\n\t\t\t\t\n\t\t\t\t\n\t\t\t\t<div class=\"et_pb_module_inner\">\n\t\t\t\t\t<!-- DPDFG Start Main Container --><div class=\"dp-dfg-container dp-dfg-layout-grid dp-dfg-layout-masonry dp-dfg-skin-default dp-dfg-skin-left-vertical-filters dp-dfg-skin-right-vertical-filters\" data-active-filter=\"all\" data-page=\"1\" data-found-posts=\"47\" data-post-number=\"12\" data-default-filter=\"All\" data-link-filter=\"\" data-cache=\"off\" data-ratio=\"9.2583333333333\" data-show-thumb=\"on\" data-action=\"link\" data-new-window=\"off\" data-filters=\"on\" data-multifilter=\"off|OR\" data-multilevel=\"off|AND|off\" data-sorting=\"off\" data-order=\"DESC\" data-orderby=\"date\" data-initorderby=\"date\" data-url-navigation=\"off\" data-url-history=\"on|reload\" data-ajax-filters=\"off\" data-doing-ajax=\"off\" data-module=\"dpdfg_filtergrid_0\" data-search=\"on\" data-search-position=\"above\" data-terms-tags=\"on\" data-pagination=\"on\" data-filter-method=\"default\" data-third-party=\"\" data-lightbox=\"on|||\" data-video-preview=\"off\" data-no-init=\"off\" data-st=\"on\"><div class=\"dp-dfg-search\"><input class=\"dp-dfg-search-input search-clean\" type=\"search\" placeholder=\"Search\" value=\"\"\/><span class=\"et-pb-icon dp-dfg-search-icon\" data-icon-search=\"&amp;#x55;\" data-icon-clear=\"&amp;#x51;\">&amp;#x55;<\/span><\/div><!-- DPDFG End Search Container --><div class=\"dp-dfg-filters dp-dfg-filters-buttons-layout\" data-layout=\"button\" data-orderby=\"id\" data-hierarchy-levels=\"off\"><ul class=\"dp-dfg-level dp-dfg-taxonomy-level-0 dp-dfg-taxonomy-all\" data-parent=\"0\" data-tax=\"all\" data-order=\"0\"><li class=\"dp-dfg-filter\" data-level=\"0\" data-parent=\"0\"><a class=\"dp-dfg-filter-link active all\" href=\"#\" data-term-id=\"all\" >Full liste<\/a><\/li><li class=\"dp-dfg-filter\" data-level=\"0\" data-parent=\"0\"><a class=\"dp-dfg-filter-link paysages-dromoscopie\" href=\"#\" data-term-id=\"13\" >Landscapes-Dromoscopie<\/a><\/li><li class=\"dp-dfg-filter\" data-level=\"0\" data-parent=\"0\"><a class=\"dp-dfg-filter-link cinematographie\" href=\"#\" data-term-id=\"18\" >Cinematography<\/a><\/li><li class=\"dp-dfg-filter\" data-level=\"0\" data-parent=\"0\"><a class=\"dp-dfg-filter-link musique-son\" href=\"#\" data-term-id=\"21\" >MUSIC \/ SOUND<\/a><\/li><li class=\"dp-dfg-filter\" data-level=\"0\" data-parent=\"0\"><a class=\"dp-dfg-filter-link narrations\" href=\"#\" data-term-id=\"23\" >Narratives<\/a><\/li><li class=\"dp-dfg-filter\" data-level=\"0\" data-parent=\"0\"><a class=\"dp-dfg-filter-link signes-et-notations\" href=\"#\" data-term-id=\"24\" >Signs\/Notations<\/a><\/li><li class=\"dp-dfg-filter\" data-level=\"0\" data-parent=\"0\"><a class=\"dp-dfg-filter-link signes-oracles\" href=\"#\" data-term-id=\"25\" >Signs\/Oracles<\/a><\/li><li class=\"dp-dfg-filter\" data-level=\"0\" data-parent=\"0\"><a class=\"dp-dfg-filter-link temps-memoire\" href=\"#\" data-term-id=\"27\" >Time<\/a><\/li><li class=\"dp-dfg-filter\" data-level=\"0\" data-parent=\"0\"><a class=\"dp-dfg-filter-link video\" href=\"#\" data-term-id=\"28\" >Video<\/a><\/li><li class=\"dp-dfg-filter\" data-level=\"0\" data-parent=\"0\"><a class=\"dp-dfg-filter-link logiciels-generatifs\" href=\"#\" data-term-id=\"29\" >Generative software<\/a><\/li><li class=\"dp-dfg-filter\" data-level=\"0\" data-parent=\"0\"><a class=\"dp-dfg-filter-link interractivite\" href=\"#\" data-term-id=\"30\" >Interactivity<\/a><\/li><li class=\"dp-dfg-filter\" data-level=\"0\" data-parent=\"0\"><a class=\"dp-dfg-filter-link photographie\" href=\"#\" data-term-id=\"31\" >Photography<\/a><\/li><li class=\"dp-dfg-filter\" data-level=\"0\" data-parent=\"0\"><a class=\"dp-dfg-filter-link electronique\" href=\"#\" data-term-id=\"32\" >Electronics<\/a><\/li><li class=\"dp-dfg-filter\" data-level=\"0\" data-parent=\"0\"><a class=\"dp-dfg-filter-link images-memoire\" href=\"#\" data-term-id=\"33\" >Images\/memory<\/a><\/li><li class=\"dp-dfg-filter\" data-level=\"0\" data-parent=\"0\"><a class=\"dp-dfg-filter-link philosophie\" href=\"#\" data-term-id=\"35\" >Philosophy<\/a><\/li><li class=\"dp-dfg-filter\" data-level=\"0\" data-parent=\"0\"><a class=\"dp-dfg-filter-link scenographie\" href=\"#\" data-term-id=\"36\" >Scenography<\/a><\/li><\/ul><\/div><!-- DPDFG End Filters Container --><div class=\"dp-dfg-items\"><article id=\"post-4219\" class=\"dp-dfg-item post-4219 post type-post status-publish format-standard has-post-thumbnail hentry category-chronologie category-cinematographie category-images-memoire category-sculptures-installations category-musique-son category-travaux-sur-ecrans category-uncategorized category-video dp-dfg-term-id-22 dp-dfg-term-id-18 dp-dfg-term-id-33 dp-dfg-term-id-19 dp-dfg-term-id-21 dp-dfg-term-id-37 dp-dfg-term-id-1 dp-dfg-term-id-28\"     data-position=\"0\"   data-new-tab=\"off\"   data-action-priority=\"item\"><figure class=\"dp-dfg-image entry-thumb\"><a href=\"https:\/\/ericvernhes.com\/en\/4219-2\/\" class=\"dp-dfg-image-link\" ><img loading=\"lazy\" decoding=\"async\" class=\"dp-dfg-featured-image\" src=\"https:\/\/ericvernhes.com\/wp-content\/uploads\/2026\/02\/Capture20-1080x608.jpg\" alt=\"LES DORMEURS EVEILLES\" width=\"1080\" height=\"608\" data-ratio=\"0.56296296296296\"\/><\/a><\/figure><div class=\"dp-dfg-overlay\"><span class=\"dfg_et_overlay\"  data-icon=\"&amp;#xe050;\"><\/span><\/div><div class=\"dp-dfg-header entry-header\"><h2 class=\"entry-title\">THE AWAKENED SLEEPERS<\/h2><\/div><div class=\"dp-dfg-content entry-summary\">Vid&eacute;o deux canaux &ndash; Composition musicale &ndash; Boucle 9mn Logiciels sp&eacute;cifique, IA, 3D D&rsquo;apr&eacute;s l&rsquo;enregistrement radiophonique &laquo; Le dormeur &eacute;veill&eacute; &raquo; par Gaston Bachelard &ndash; 1957 &nbsp; &nbsp; &nbsp; Dans...<\/div><\/article><!-- DPDFG End Post Item Container --><article id=\"post-3466\" class=\"dp-dfg-item post-3466 post type-post status-publish format-standard has-post-thumbnail hentry category-41 category-chronologie category-narrations category-sculptures-installations category-musique-son dp-dfg-term-id-41 dp-dfg-term-id-22 dp-dfg-term-id-23 dp-dfg-term-id-19 dp-dfg-term-id-21\"     data-position=\"1\"   data-new-tab=\"off\"   data-action-priority=\"item\"><figure class=\"dp-dfg-image entry-thumb\"><a href=\"https:\/\/ericvernhes.com\/en\/meeting_philip\/\" class=\"dp-dfg-image-link\" ><img loading=\"lazy\" decoding=\"async\" class=\"dp-dfg-featured-image\" src=\"https:\/\/ericvernhes.com\/wp-content\/uploads\/2024\/08\/meetphilVig-1080x608.jpg\" alt=\"MEETING PHILIP\" width=\"1080\" height=\"608\" data-ratio=\"0.56296296296296\"\/><\/a><\/figure><div class=\"dp-dfg-overlay\"><span class=\"dfg_et_overlay\"  data-icon=\"&amp;#xe050;\"><\/span><\/div><div class=\"dp-dfg-header entry-header\"><h2 class=\"entry-title\">MEETING PHILIP<\/h2><\/div><div class=\"dp-dfg-content entry-summary\">Based on the recording of the conference given by Philip K. Dick in 1977 in Metz.\nMetal, screen, computer, projectors on lyre, fan, musical composition and specific software, sound.<\/div><\/article><!-- DPDFG End Post Item Container --><article id=\"post-3453\" class=\"dp-dfg-item post-3453 post type-post status-publish format-standard has-post-thumbnail hentry category-41 category-chronologie category-logiciels-generatifs category-signes-et-notations category-musique-son category-travaux-sur-ecrans category-video dp-dfg-term-id-41 dp-dfg-term-id-22 dp-dfg-term-id-29 dp-dfg-term-id-24 dp-dfg-term-id-21 dp-dfg-term-id-37 dp-dfg-term-id-28\"     data-position=\"2\"   data-new-tab=\"off\"   data-action-priority=\"item\"><figure class=\"dp-dfg-image entry-thumb\"><a href=\"https:\/\/ericvernhes.com\/en\/blueprint\/\" class=\"dp-dfg-image-link\" ><img loading=\"lazy\" decoding=\"async\" class=\"dp-dfg-featured-image\" src=\"https:\/\/ericvernhes.com\/wp-content\/uploads\/2024\/08\/bluepVig-1080x608.jpg\" alt=\"BLUEPRINT\" width=\"1080\" height=\"608\" data-ratio=\"0.56296296296296\"\/><\/a><\/figure><div class=\"dp-dfg-overlay\"><span class=\"dfg_et_overlay\"  data-icon=\"&amp;#xe050;\"><\/span><\/div><div class=\"dp-dfg-header entry-header\"><h2 class=\"entry-title\">BLUEPRINT<\/h2><\/div><div class=\"dp-dfg-content entry-summary\">Vid&eacute;o &ndash; musique &ndash; g&eacute;n&eacute;ratif- IA &ndash; 2024 Sur une proposition de Elisabeth Karolyi et Val&eacute;rie Hasson-Benillouche pour l&rsquo;exposition &laquo; Projections &ndash; Architectures Olympiques &agrave; la galerie CHARLOT en Mai...<\/div><\/article><!-- DPDFG End Post Item Container --><article id=\"post-3411\" class=\"dp-dfg-item post-3411 post type-post status-publish format-standard has-post-thumbnail hentry category-42 category-chronologie category-nfts category-signes-et-notations category-musique-son category-video dp-dfg-term-id-42 dp-dfg-term-id-22 dp-dfg-term-id-26 dp-dfg-term-id-24 dp-dfg-term-id-21 dp-dfg-term-id-28\"     data-position=\"3\"   data-new-tab=\"off\"   data-action-priority=\"item\"><figure class=\"dp-dfg-image entry-thumb\"><a href=\"https:\/\/ericvernhes.com\/en\/cryptorunes-nfts\/\" class=\"dp-dfg-image-link\" ><img loading=\"lazy\" decoding=\"async\" class=\"dp-dfg-featured-image\" src=\"https:\/\/ericvernhes.com\/wp-content\/uploads\/2024\/08\/cryptVig-1080x608.jpg\" alt=\"Cryptorunes (NFTs)\" width=\"1080\" height=\"608\" data-ratio=\"0.56296296296296\"\/><\/a><\/figure><div class=\"dp-dfg-overlay\"><span class=\"dfg_et_overlay\"  data-icon=\"&amp;#xe050;\"><\/span><\/div><div class=\"dp-dfg-header entry-header\"><h2 class=\"entry-title\">Cryptorunes (NFTs)<\/h2><\/div><div class=\"dp-dfg-content entry-summary\">S&eacute;rie de NFTs musicaux et graphique. Un programme original g&eacute;n&egrave;re des graphiques en interaction avec une musique bas&eacute;e sur des probabilit&eacute;s et des parties enregistr&eacute;es en direct. La partie graphique...<\/div><\/article><!-- DPDFG End Post Item Container --><article id=\"post-3378\" class=\"dp-dfg-item post-3378 post type-post status-publish format-standard has-post-thumbnail hentry category-43 category-chronologie category-interractivite category-sculptures-installations category-musique-son category-temps-memoire dp-dfg-term-id-43 dp-dfg-term-id-22 dp-dfg-term-id-30 dp-dfg-term-id-19 dp-dfg-term-id-21 dp-dfg-term-id-27\"     data-position=\"4\"   data-new-tab=\"off\"   data-action-priority=\"item\"><figure class=\"dp-dfg-image entry-thumb\"><a href=\"https:\/\/ericvernhes.com\/en\/fantasmata\/\" class=\"dp-dfg-image-link\" ><img loading=\"lazy\" decoding=\"async\" class=\"dp-dfg-featured-image\" src=\"https:\/\/ericvernhes.com\/wp-content\/uploads\/2024\/08\/fantasma2Vig-1080x608.jpg\" alt=\"Fantasmata\" width=\"1080\" height=\"608\" data-ratio=\"0.56296296296296\"\/><\/a><\/figure><div class=\"dp-dfg-overlay\"><span class=\"dfg_et_overlay\"  data-icon=\"&amp;#xe050;\"><\/span><\/div><div class=\"dp-dfg-header entry-header\"><h2 class=\"entry-title\">Fantasmata<\/h2><\/div><div class=\"dp-dfg-content entry-summary\">Metal, screen, computer, specific software.\nThe term \u201cFantasmata\u201d initially refers to a 15th century dance figure that consists of a momentary stop, a pause during which the body remains suspended between the accomplishment of a movement and the apprehension of the one that is to come.<\/div><\/article><!-- DPDFG End Post Item Container --><article id=\"post-3827\" class=\"dp-dfg-item post-3827 post type-post status-publish format-standard has-post-thumbnail hentry category-42 category-chronologie category-exposition-scenographiee category-philosophie category-scenographie dp-dfg-term-id-42 dp-dfg-term-id-22 dp-dfg-term-id-39 dp-dfg-term-id-35 dp-dfg-term-id-36\"     data-position=\"5\"   data-new-tab=\"off\"   data-action-priority=\"item\"><figure class=\"dp-dfg-image entry-thumb\"><a href=\"https:\/\/ericvernhes.com\/en\/le-sens-de-la-marche\/\" class=\"dp-dfg-image-link\" ><img loading=\"lazy\" decoding=\"async\" class=\"dp-dfg-featured-image\" src=\"https:\/\/ericvernhes.com\/wp-content\/uploads\/2024\/08\/sensmarchevig-1080x608.jpg\" alt=\"Le sens de la marche\" width=\"1080\" height=\"608\" data-ratio=\"0.56296296296296\"\/><\/a><\/figure><div class=\"dp-dfg-overlay\"><span class=\"dfg_et_overlay\"  data-icon=\"&amp;#xe050;\"><\/span><\/div><div class=\"dp-dfg-header entry-header\"><h2 class=\"entry-title\">Le sens de la marche<\/h2><\/div><div class=\"dp-dfg-content entry-summary\">Exposition sc&eacute;nographi&eacute;e &ndash; festival D.A.M.E &ndash; Sc&egrave;ne Nationale de Chamb&eacute;ry Andr&eacute; Malraux &ndash; f&eacute;vrier\/mars 2023 &laquo; Pour Aristote, Nietzsche ou Rousseau, les seules pens&eacute;e valables venait en marchant. Le d&eacute;roulement...<\/div><\/article><!-- DPDFG End Post Item Container --><article id=\"post-3716\" class=\"dp-dfg-item post-3716 post type-post status-publish format-standard has-post-thumbnail hentry category-43 category-chronologie category-images-memoire category-interractivite category-narrations category-photographie category-sculptures-installations category-temps-memoire dp-dfg-term-id-43 dp-dfg-term-id-22 dp-dfg-term-id-33 dp-dfg-term-id-30 dp-dfg-term-id-23 dp-dfg-term-id-31 dp-dfg-term-id-19 dp-dfg-term-id-27\"     data-position=\"6\"   data-new-tab=\"off\"   data-action-priority=\"item\"><figure class=\"dp-dfg-image entry-thumb\"><a href=\"https:\/\/ericvernhes.com\/en\/welta-perle\/\" class=\"dp-dfg-image-link\" ><img loading=\"lazy\" decoding=\"async\" class=\"dp-dfg-featured-image\" src=\"https:\/\/ericvernhes.com\/wp-content\/uploads\/2024\/08\/weltaVig-1080x608.jpg\" alt=\"Welta-Perle\" width=\"1080\" height=\"608\" data-ratio=\"0.56296296296296\"\/><\/a><\/figure><div class=\"dp-dfg-overlay\"><span class=\"dfg_et_overlay\"  data-icon=\"&amp;#xe050;\"><\/span><\/div><div class=\"dp-dfg-header entry-header\"><h2 class=\"entry-title\">Welta-Perle<\/h2><\/div><div class=\"dp-dfg-content entry-summary\">Installation. Camera,\nminiature computer, screen, frame, specific software.\nThe shutter is heard and a photographic caption appears, taken from the object's memory.<\/div><\/article><!-- DPDFG End Post Item Container --><article id=\"post-3444\" class=\"dp-dfg-item post-3444 post type-post status-publish format-standard has-post-thumbnail hentry category-44 category-chronologie category-interractivite category-logiciels-generatifs category-nfts dp-dfg-term-id-44 dp-dfg-term-id-22 dp-dfg-term-id-30 dp-dfg-term-id-29 dp-dfg-term-id-26\"     data-position=\"7\"   data-new-tab=\"off\"   data-action-priority=\"item\"><figure class=\"dp-dfg-image entry-thumb\"><a href=\"https:\/\/ericvernhes.com\/en\/naive-nft-generatif\/\" class=\"dp-dfg-image-link\" ><img loading=\"lazy\" decoding=\"async\" class=\"dp-dfg-featured-image\" src=\"https:\/\/ericvernhes.com\/wp-content\/uploads\/2024\/08\/naiveVig-1080x608.jpg\" alt=\"Na\u00efve (NFT g\u00e9n\u00e9ratif)\" width=\"1080\" height=\"608\" data-ratio=\"0.56296296296296\"\/><\/a><\/figure><div class=\"dp-dfg-overlay\"><span class=\"dfg_et_overlay\"  data-icon=\"&amp;#xe050;\"><\/span><\/div><div class=\"dp-dfg-header entry-header\"><h2 class=\"entry-title\">Na\u00efve (NFT g\u00e9n\u00e9ratif)<\/h2><\/div><div class=\"dp-dfg-content entry-summary\">NFT g&eacute;n&eacute;ratif &ndash; Rechargez la page pour g&eacute;n&eacute;rer une composition al&eacute;atoire. Cliquez dans l&rsquo;image puis: &ndash; Appuyez sur &laquo; E &raquo; pour choisir parmis les quatre saisons. &ndash; Appuyez sur...<\/div><\/article><!-- DPDFG End Post Item Container --><article id=\"post-3726\" class=\"dp-dfg-item post-3726 post type-post status-publish format-standard has-post-thumbnail hentry category-43 category-chronologie category-cinematographie category-images-memoire category-logiciels-generatifs category-nfts category-paysages-dromoscopie category-travaux-graphiques dp-dfg-term-id-43 dp-dfg-term-id-22 dp-dfg-term-id-18 dp-dfg-term-id-33 dp-dfg-term-id-29 dp-dfg-term-id-26 dp-dfg-term-id-13 dp-dfg-term-id-20\"     data-position=\"8\"   data-new-tab=\"off\"   data-action-priority=\"item\"><figure class=\"dp-dfg-image entry-thumb\"><a href=\"https:\/\/ericvernhes.com\/en\/bowmans-memories\/\" class=\"dp-dfg-image-link\" ><img loading=\"lazy\" decoding=\"async\" class=\"dp-dfg-featured-image\" src=\"https:\/\/ericvernhes.com\/wp-content\/uploads\/2024\/08\/bowmanVig-1080x608.jpg\" alt=\"BOWMAN&rsquo;S MEMORIES\" width=\"1080\" height=\"608\" data-ratio=\"0.56296296296296\"\/><\/a><\/figure><div class=\"dp-dfg-overlay\"><span class=\"dfg_et_overlay\"  data-icon=\"&amp;#xe050;\"><\/span><\/div><div class=\"dp-dfg-header entry-header\"><h2 class=\"entry-title\">BOWMAN&rsquo;S MEMORIES<\/h2><\/div><div class=\"dp-dfg-content entry-summary\">S&eacute;rie de 130 NFTs g&eacute;n&eacute;ratifs. FOUNDATION.APP J&rsquo;ai vu &ldquo;2001 a space odyssey&rdquo; lorsque j&rsquo;avais 10 ans, en 1978. Le film, contemporain de l&rsquo;&eacute;mergence de l&rsquo;art g&eacute;n&eacute;ratif avait d&eacute;j&agrave;, lui aussi,...<\/div><\/article><!-- DPDFG End Post Item Container --><article id=\"post-3348\" class=\"dp-dfg-item post-3348 post type-post status-publish format-standard has-post-thumbnail hentry category-44 category-chronologie category-narrations category-travaux-graphiques dp-dfg-term-id-44 dp-dfg-term-id-22 dp-dfg-term-id-23 dp-dfg-term-id-20\"     data-position=\"9\"   data-new-tab=\"off\"   data-action-priority=\"item\"><figure class=\"dp-dfg-image entry-thumb\"><a href=\"https:\/\/ericvernhes.com\/en\/oslo-kahn-2\/\" class=\"dp-dfg-image-link\" ><img loading=\"lazy\" decoding=\"async\" class=\"dp-dfg-featured-image\" src=\"https:\/\/ericvernhes.com\/wp-content\/uploads\/2024\/08\/OkVig-1-1080x608.jpg\" alt=\"Oslo KAHN\" width=\"1080\" height=\"608\" data-ratio=\"0.56296296296296\"\/><\/a><\/figure><div class=\"dp-dfg-overlay\"><span class=\"dfg_et_overlay\"  data-icon=\"&amp;#xe050;\"><\/span><\/div><div class=\"dp-dfg-header entry-header\"><h2 class=\"entry-title\">Oslo KAHN<\/h2><\/div><div class=\"dp-dfg-content entry-summary\">Artiste fictionnel &ndash; 2021 Oslo Kahn est un artiste fictionnel qui pratique l&rsquo;imagerie 3d. Il a &eacute;t&eacute; cr&eacute;&eacute; pendant le confinement de 2021. Son travail a &eacute;t&eacute; expos&eacute; sous la...<\/div><\/article><!-- DPDFG End Post Item Container --><article id=\"post-3014\" class=\"dp-dfg-item post-3014 post type-post status-publish format-standard has-post-thumbnail hentry category-45 category-chronologie category-interractivite category-logiciels-generatifs category-paysages-dromoscopie category-sculptures-installations dp-dfg-term-id-45 dp-dfg-term-id-22 dp-dfg-term-id-30 dp-dfg-term-id-29 dp-dfg-term-id-13 dp-dfg-term-id-19\"     data-position=\"10\"   data-new-tab=\"off\"   data-action-priority=\"item\"><figure class=\"dp-dfg-image entry-thumb\"><a href=\"https:\/\/ericvernhes.com\/en\/3014-2\/\" class=\"dp-dfg-image-link\" ><img loading=\"lazy\" decoding=\"async\" class=\"dp-dfg-featured-image\" src=\"https:\/\/ericvernhes.com\/wp-content\/uploads\/2024\/08\/hnVig-1080x608.jpg\" alt=\"Horizon N\u00e9gatif\" width=\"1080\" height=\"608\" data-ratio=\"0.56296296296296\"\/><\/a><\/figure><div class=\"dp-dfg-overlay\"><span class=\"dfg_et_overlay\"  data-icon=\"&amp;#xe050;\"><\/span><\/div><div class=\"dp-dfg-header entry-header\"><h2 class=\"entry-title\">Negative horizon<\/h2><\/div><div class=\"dp-dfg-content entry-summary\">Interactive vision machine.\nSteel, computer, camera, 4k screen. \u201cHorizon Negative\u201d generates random landscapes whose compositions and colors are modulated by a camera according to the...\"<\/div><\/article><!-- DPDFG End Post Item Container --><article id=\"post-2994\" class=\"dp-dfg-item post-2994 post type-post status-publish format-standard has-post-thumbnail hentry category-45 category-chronologie category-logiciels-generatifs category-paysages-dromoscopie category-travaux-graphiques dp-dfg-term-id-45 dp-dfg-term-id-22 dp-dfg-term-id-29 dp-dfg-term-id-13 dp-dfg-term-id-20\"     data-position=\"11\"   data-new-tab=\"off\"   data-action-priority=\"item\"><figure class=\"dp-dfg-image entry-thumb\"><a href=\"https:\/\/ericvernhes.com\/en\/horizon-negatif-prints\/\" class=\"dp-dfg-image-link\" ><img loading=\"lazy\" decoding=\"async\" class=\"dp-dfg-featured-image\" src=\"https:\/\/ericvernhes.com\/wp-content\/uploads\/2019\/04\/eric-vernhes-horizon4-1080x607.jpg\" alt=\"Horizon n\u00e9gatif &#8211; prints\" width=\"1080\" height=\"607\" data-ratio=\"0.56203703703704\"\/><\/a><\/figure><div class=\"dp-dfg-overlay\"><span class=\"dfg_et_overlay\"  data-icon=\"&amp;#xe050;\"><\/span><\/div><div class=\"dp-dfg-header entry-header\"><h2 class=\"entry-title\">Negative horizon - Prints<\/h2><\/div><div class=\"dp-dfg-content entry-summary\">A partir du moteur g&eacute;n&eacute;ratif de &laquo; Horizon n&eacute;gatif &raquo;....<\/div><\/article><!-- DPDFG End Post Item Container --><\/div><!-- DPDFG End Posts Items Container --><div class=\"dp-dfg-pagination\" data-base-url=\"\/en\/wp-json\/wp\/v2\/s\/3957\" data-url-args=\"\"><ul class=\"pagination\"><li class=\"pagination-item previous-posts dp-dfg-direction  dp-dfg-hide\"><a href=\"\/en\/wp-json\/wp\/v2\/s\/3957\/page\/1\/\" data-page=\"1\" class=\"pagination-link\"><span class=\"et-pb-icon\">&amp;#x34;<\/span> <\/a><\/li><li class=\"pagination-item active\"><a href=\"\/en\/wp-json\/wp\/v2\/s\/3957\/page\/1\/\" data-page=\"1\" class=\"pagination-link dp-dfg-page\">1<\/a><\/li><li class=\"pagination-item\"><a href=\"\/en\/wp-json\/wp\/v2\/s\/3957\/page\/2\/\" data-page=\"2\" class=\"pagination-link dp-dfg-page\">2<\/a><\/li><li class=\"pagination-item\"><a href=\"\/en\/wp-json\/wp\/v2\/s\/3957\/page\/3\/\" data-page=\"3\" class=\"pagination-link dp-dfg-page\">3<\/a><\/li><li class=\"pagination-item dp-dfg-hide\"><a href=\"\/en\/wp-json\/wp\/v2\/s\/3957\/page\/4\/\" data-page=\"4\" class=\"pagination-link dp-dfg-page\">4<\/a><\/li><li class=\"pagination-item next-posts dp-dfg-direction\"><a href=\"\/en\/wp-json\/wp\/v2\/s\/3957\/page\/2\/\" data-page=\"2\" class=\"pagination-link\">  <span class=\"et-pb-icon\">&amp;#x35;<\/span><\/a><\/li><\/ul><\/div><!-- DPDFG End Pagination Container --><\/div><!-- DPDFG End Main Container -->\n\t\t\t\t<\/div>\n\t\t\t<\/div>","protected":false},"author":1,"featured_media":0,"parent":0,"menu_order":0,"comment_status":"closed","ping_status":"closed","template":"","meta":{"_et_pb_use_builder":"on","_et_pb_old_content":"<!-- wp:post-terms {\"term\":\"category\"} \/-->","_et_gb_content_width":"","footnotes":""},"class_list":["post-3957","page","type-page","status-publish","hentry"],"_links":{"self":[{"href":"https:\/\/ericvernhes.com\/en\/wp-json\/wp\/v2\/pages\/3957","targetHints":{"allow":["GET"]}}],"collection":[{"href":"https:\/\/ericvernhes.com\/en\/wp-json\/wp\/v2\/pages"}],"about":[{"href":"https:\/\/ericvernhes.com\/en\/wp-json\/wp\/v2\/types\/page"}],"author":[{"embeddable":true,"href":"https:\/\/ericvernhes.com\/en\/wp-json\/wp\/v2\/users\/1"}],"replies":[{"embeddable":true,"href":"https:\/\/ericvernhes.com\/en\/wp-json\/wp\/v2\/comments?post=3957"}],"version-history":[{"count":25,"href":"https:\/\/ericvernhes.com\/en\/wp-json\/wp\/v2\/pages\/3957\/revisions"}],"predecessor-version":[{"id":4132,"href":"https:\/\/ericvernhes.com\/en\/wp-json\/wp\/v2\/pages\/3957\/revisions\/4132"}],"wp:attachment":[{"href":"https:\/\/ericvernhes.com\/en\/wp-json\/wp\/v2\/media?parent=3957"}],"curies":[{"name":"wp","href":"https:\/\/api.w.org\/{rel}","templated":true}]}}